{"id":2,"date":"2013-09-03T13:37:04","date_gmt":"2013-09-03T11:37:04","guid":{"rendered":"http:\/\/magma-management.no\/?page_id=2"},"modified":"2013-09-08T16:41:41","modified_gmt":"2013-09-08T14:41:41","slug":"sample-page","status":"publish","type":"page","link":"https:\/\/magma-management.no\/","title":{"rendered":"Hjem"},"content":{"rendered":"<p>Magma Management leverer prosjektledelse til store og sm\u00e5 IT-releaterte prosjekter.<\/p>\n<p>Vi jobber strukturert og m\u00e5lrettet med fokus p\u00e5 leveranser og resultat og innehar bred og variert kompetanse ved utviklings-, innf\u00f8ringsprosjekter.<\/p>\n<p>Vi leverer en involverende prosjektledelse med teknisk orientering og aktiv medvirkning i alle steg i prosjektene fra innsalg, l\u00f8sningsdesign til implementering og igangsetting, samt kundeoppf\u00f8lging.<\/p>\n<p>Vi bist\u00e5r med fagkunnskaper ved gjennomf\u00f8ring, med fokus p\u00e5 prosjektforankring hos kunder og internt, behovskartlegging, organisering og oppf\u00f8lging, kost\/nytte, prioritering, prosessforbedring, system- og l\u00f8sningsarkitektur, endringsh\u00e5ndtering, kvalitetssikring, \u00f8konomioppf\u00f8lging, gevinstrealisering og rapportering.<\/p>\n","protected":false},"excerpt":{"rendered":"<p>Magma Management leverer prosjektledelse til store og sm\u00e5 IT-releaterte prosjekter. Vi jobber strukturert og m\u00e5lrettet med fokus p\u00e5 leveranser og resultat og innehar bred og variert kompetanse ved utviklings-, innf\u00f8ringsprosjekter. Vi leverer en involverende prosjektledelse med teknisk orientering og aktiv medvirkning i alle steg i prosjektene fra innsalg, l\u00f8sningsdesign til<\/p>\n","protected":false},"author":1,"featured_media":0,"parent":0,"menu_order":0,"comment_status":"closed","ping_status":"closed","template":"","meta":{"footnotes":""},"class_list":["post-2","page","type-page","status-publish","hentry"],"_links":{"self":[{"href":"https:\/\/magma-management.no\/index.php?rest_route=\/wp\/v2\/pages\/2","targetHints":{"allow":["GET"]}}],"collection":[{"href":"https:\/\/magma-management.no\/index.php?rest_route=\/wp\/v2\/pages"}],"about":[{"href":"https:\/\/magma-management.no\/index.php?rest_route=\/wp\/v2\/types\/page"}],"author":[{"embeddable":true,"href":"https:\/\/magma-management.no\/index.php?rest_route=\/wp\/v2\/users\/1"}],"replies":[{"embeddable":true,"href":"https:\/\/magma-management.no\/index.php?rest_route=%2Fwp%2Fv2%2Fcomments&post=2"}],"version-history":[{"count":1,"href":"https:\/\/magma-management.no\/index.php?rest_route=\/wp\/v2\/pages\/2\/revisions"}],"predecessor-version":[{"id":9,"href":"https:\/\/magma-management.no\/index.php?rest_route=\/wp\/v2\/pages\/2\/revisions\/9"}],"wp:attachment":[{"href":"https:\/\/magma-management.no\/index.php?rest_route=%2Fwp%2Fv2%2Fmedia&parent=2"}],"curies":[{"name":"wp","href":"https:\/\/api.w.org\/{rel}","templated":true}]}}